{"id":15090,"date":"2026-04-09T01:28:52","date_gmt":"2026-04-09T01:28:52","guid":{"rendered":"https:\/\/vivaalegre.cl\/?post_type=product&#038;p=15090"},"modified":"2026-04-09T01:33:44","modified_gmt":"2026-04-09T01:33:44","slug":"pack-humidificador-aceite","status":"publish","type":"product","link":"https:\/\/vivaalegre.cl\/?product=pack-humidificador-aceite","title":{"rendered":"PACK HUMIDIFICADOR + ACEITE"},"content":{"rendered":"<p>Escoge cual pack te gustar\u00eda! Cualquier elecci\u00f3n es la correcta!<\/p>\n<p>Los humidificadores sirven para descontaminar, purificar y eliminar las impurezas del ambiente. Adem\u00e1s tendr\u00e1 un plus extra si los utilizas con los aceites arom\u00e1ticos o esenciales. \u00bfCu\u00e1l es la diferencia?. Que los aceites esenciales son 100% naturales extra\u00eddos de las plantas. Mientras que los arom\u00e1ticos son a base de fragancias. Pero siguen siendo productos crueltyfree. Importados de excelente calidad.<\/p>\n","protected":false},"excerpt":{"rendered":"<p>Los aromas son a elecci\u00f3n. Puedes escogerlos en comentario antes de finalizar el pedido.<\/p>\n","protected":false},"featured_media":15099,"template":"","meta":{"spay_email":""},"product_cat":[257,302,53,28],"product_tag":[],"class_list":{"0":"post-15090","1":"product","2":"type-product","3":"status-publish","4":"has-post-thumbnail","6":"product_cat-destacado","7":"product_cat-pack-promocionales","8":"product_cat-purificadores-de-aire","9":"product_cat-promociones","11":"entry","12":"has-media","14":"first","15":"instock","16":"sale","17":"shipping-taxable","18":"purchasable","19":"product-type-variable","20":"has-product-nav","21":"col","22":"span_1_of_3","23":"owp-content-center","24":"owp-thumbs-layout-horizontal","25":"owp-btn-normal","26":"owp-tabs-layout-horizontal"},"_links":{"self":[{"href":"https:\/\/vivaalegre.cl\/index.php?rest_route=\/wp\/v2\/product\/15090","targetHints":{"allow":["GET"]}}],"collection":[{"href":"https:\/\/vivaalegre.cl\/index.php?rest_route=\/wp\/v2\/product"}],"about":[{"href":"https:\/\/vivaalegre.cl\/index.php?rest_route=\/wp\/v2\/types\/product"}],"wp:featuredmedia":[{"embeddable":true,"href":"https:\/\/vivaalegre.cl\/index.php?rest_route=\/wp\/v2\/media\/15099"}],"wp:attachment":[{"href":"https:\/\/vivaalegre.cl\/index.php?rest_route=%2Fwp%2Fv2%2Fmedia&parent=15090"}],"wp:term":[{"taxonomy":"product_cat","embeddable":true,"href":"https:\/\/vivaalegre.cl\/index.php?rest_route=%2Fwp%2Fv2%2Fproduct_cat&post=15090"},{"taxonomy":"product_tag","embeddable":true,"href":"https:\/\/vivaalegre.cl\/index.php?rest_route=%2Fwp%2Fv2%2Fproduct_tag&post=15090"}],"curies":[{"name":"wp","href":"https:\/\/api.w.org\/{rel}","templated":true}]}}